{"id":2240,"date":"2017-06-05T18:14:06","date_gmt":"2017-06-05T16:14:06","guid":{"rendered":"https:\/\/www.egliseprotestantelondres.org.uk\/\/\/?page_id=2240"},"modified":"2025-01-21T07:27:53","modified_gmt":"2025-01-21T07:27:53","slug":"the-consistory-and-the-trust","status":"publish","type":"page","link":"https:\/\/www.egliseprotestantelondres.org.uk\/en\/our-church\/the-consistory-and-the-trust\/","title":{"rendered":"The Consistory and the Trust"},"content":{"rendered":"<div class=\"wpb-content-wrapper\"><p>[vc_row type=&#8221;vc_default&#8221; el_id=&#8221;consistoire&#8221;][vc_column][vc_text_separator title=&#8221;THE CONSISTORY&#8221; title_align=&#8221;separator_align_left&#8221; color=&#8221;custom&#8221; border_width=&#8221;2&#8243; accent_color=&#8221;#973735&#8243;][vc_row_inner][vc_column_inner width=&#8221;1\/3&#8243;][vc_single_image image=&#8221;10206&#8243; img_size=&#8221;450&#215;300&#8243; css=&#8221;&#8221;][\/vc_column_inner][vc_column_inner width=&#8221;2\/3&#8243;][vc_column_text css=&#8221;&#8221;]<strong>Members of our Consistory:<\/strong><\/p>\n<ul>\n<li>The pastor<\/li>\n<li>Fabien Lerede (President)<\/li>\n<li>Thibault Lavergne (Vice-President)<\/li>\n<li>Ghislain Leugue (Treasurer)<\/li>\n<li>B\u00e9n\u00e9dicte Fougier (Secretary, Heritage, Library and Archives)<\/li>\n<li>Anne Roberts<\/li>\n<li>John Hagg<\/li>\n<\/ul>\n<p>[\/vc_column_text][\/vc_column_inner][\/vc_row_inner][\/vc_column][\/vc_row][vc_row type=&#8221;vc_default&#8221; el_id=&#8221;trust&#8221;][vc_column][vc_text_separator title=&#8221;THE TRUST&#8221; title_align=&#8221;separator_align_left&#8221; color=&#8221;custom&#8221; border_width=&#8221;2&#8243; accent_color=&#8221;#973735&#8243;][vc_row_inner][vc_column_inner width=&#8221;1\/3&#8243;][vc_single_image image=&#8221;1640&#8243; img_size=&#8221;450&#215;300&#8243;][\/vc_column_inner][vc_column_inner width=&#8221;2\/3&#8243;][vc_column_text css=&#8221;&#8221;]<strong>The French Huguenot Church of London Charitable Trust:<\/strong><\/p>\n<p>&nbsp;<\/p>\n<ul>\n<li>Mr Harry Martineau (Chair)<\/li>\n<li>Mr Charles Martineau<\/li>\n<li>Mrs Laurence Colchester<\/li>\n<li>Mr Martin Williams<\/li>\n<li>Mr Peter Duval<\/li>\n<li>Mr Anthony Wilson<\/li>\n<li>Mrs Natacha Martineau<\/li>\n<li>Mrs Alice Martineau<\/li>\n<li>Mrs Glynda Easterbrook<\/li>\n<li>Mrs B\u00e9n\u00e9dicte Mo\u00ebc-Fougier<\/li>\n<li>Mr Ghislain Leugue<\/li>\n<li>Mr Fabien Lerede<\/li>\n<li>Mr Thibault Lavergne<\/li>\n<\/ul>\n<p>[\/vc_column_text][\/vc_column_inner][\/vc_row_inner][\/vc_column][\/vc_row]<\/p>\n<\/div>","protected":false},"excerpt":{"rendered":"<p>[vc_row type=&#8221;vc_default&#8221; el_id=&#8221;consistoire&#8221;][vc_column][vc_text_separator title=&#8221;THE CONSISTORY&#8221; title_align=&#8221;separator_align_left&#8221; color=&#8221;custom&#8221; border_width=&#8221;2&#8243; accent_color=&#8221;#973735&#8243;][vc_row_inner][vc_column_inner width=&#8221;1\/3&#8243;][vc_single_image image=&#8221;10206&#8243; img_size=&#8221;450&#215;300&#8243; css=&#8221;&#8221;][\/vc_column_inner][vc_column_inner width=&#8221;2\/3&#8243;][vc_column_text css=&#8221;&#8221;]Members of our Consistory: The pastor Fabien Lerede (President) Thibault Lavergne (Vice-President) Ghislain Leugue (Treasurer) B\u00e9n\u00e9dicte&hellip;<\/p>\n","protected":false},"author":2,"featured_media":0,"parent":2231,"menu_order":0,"comment_status":"closed","ping_status":"closed","template":"","meta":{"footnotes":""},"class_list":["post-2240","page","type-page","status-publish","hentry","description-off"],"_links":{"self":[{"href":"https:\/\/www.egliseprotestantelondres.org.uk\/en\/wp-json\/wp\/v2\/pages\/2240","targetHints":{"allow":["GET"]}}],"collection":[{"href":"https:\/\/www.egliseprotestantelondres.org.uk\/en\/wp-json\/wp\/v2\/pages"}],"about":[{"href":"https:\/\/www.egliseprotestantelondres.org.uk\/en\/wp-json\/wp\/v2\/types\/page"}],"author":[{"embeddable":true,"href":"https:\/\/www.egliseprotestantelondres.org.uk\/en\/wp-json\/wp\/v2\/users\/2"}],"replies":[{"embeddable":true,"href":"https:\/\/www.egliseprotestantelondres.org.uk\/en\/wp-json\/wp\/v2\/comments?post=2240"}],"version-history":[{"count":11,"href":"https:\/\/www.egliseprotestantelondres.org.uk\/en\/wp-json\/wp\/v2\/pages\/2240\/revisions"}],"predecessor-version":[{"id":10215,"href":"https:\/\/www.egliseprotestantelondres.org.uk\/en\/wp-json\/wp\/v2\/pages\/2240\/revisions\/10215"}],"up":[{"embeddable":true,"href":"https:\/\/www.egliseprotestantelondres.org.uk\/en\/wp-json\/wp\/v2\/pages\/2231"}],"wp:attachment":[{"href":"https:\/\/www.egliseprotestantelondres.org.uk\/en\/wp-json\/wp\/v2\/media?parent=2240"}],"curies":[{"name":"wp","href":"https:\/\/api.w.org\/{rel}","templated":true}]}}